{"id":139,"date":"2025-04-03T05:50:02","date_gmt":"2025-04-03T03:50:02","guid":{"rendered":"http:\/\/localhost\/wordpress\/wordpress\/?page_id=139"},"modified":"2025-04-30T15:12:59","modified_gmt":"2025-04-30T13:12:59","slug":"audio","status":"publish","type":"page","link":"https:\/\/toolbox.mdz.fc.eah-jena.de\/?page_id=139","title":{"rendered":"Audio, Avatare, &#8230;"},"content":{"rendered":"\n<h1 class=\"wp-block-heading\">Audio, Avatare,&#8230;<\/h1>\n\n\n\n<figure class=\"wp-block-image size-full\"><img loading=\"lazy\" decoding=\"async\" width=\"1584\" height=\"672\" src=\"https:\/\/toolbox.mdz.fc.eah-jena.de\/wp-content\/uploads\/2025\/04\/sonstiges.png\" alt=\"\" class=\"wp-image-172\" srcset=\"https:\/\/toolbox.mdz.fc.eah-jena.de\/wp-content\/uploads\/2025\/04\/sonstiges.png 1584w, https:\/\/toolbox.mdz.fc.eah-jena.de\/wp-content\/uploads\/2025\/04\/sonstiges-300x127.png 300w, https:\/\/toolbox.mdz.fc.eah-jena.de\/wp-content\/uploads\/2025\/04\/sonstiges-1024x434.png 1024w, https:\/\/toolbox.mdz.fc.eah-jena.de\/wp-content\/uploads\/2025\/04\/sonstiges-768x326.png 768w, https:\/\/toolbox.mdz.fc.eah-jena.de\/wp-content\/uploads\/2025\/04\/sonstiges-1536x652.png 1536w\" sizes=\"auto, (max-width: 1584px) 100vw, 1584px\" \/><\/figure>\n\n\n\n<p><\/p>\n\n\n\n<p>Hier finden Sie einen Liste von weiteren KI-Werkzeugen:<\/p>\n\n\n\n<div class=\"wp-block-media-text is-stacked-on-mobile\" style=\"grid-template-columns:35% auto\"><figure class=\"wp-block-media-text__media\"><a href=\"https:\/\/app.synthesia.io\/#\/welcome\" target=\"_blank\" rel=\" noreferrer noopener\"><img loading=\"lazy\" decoding=\"async\" width=\"915\" height=\"250\" src=\"https:\/\/toolbox.mdz.fc.eah-jena.de\/wp-content\/uploads\/2025\/04\/synthesia.png\" alt=\"\" class=\"wp-image-174 size-full\" srcset=\"https:\/\/toolbox.mdz.fc.eah-jena.de\/wp-content\/uploads\/2025\/04\/synthesia.png 915w, https:\/\/toolbox.mdz.fc.eah-jena.de\/wp-content\/uploads\/2025\/04\/synthesia-300x82.png 300w, https:\/\/toolbox.mdz.fc.eah-jena.de\/wp-content\/uploads\/2025\/04\/synthesia-768x210.png 768w\" sizes=\"auto, (max-width: 915px) 100vw, 915px\" \/><\/a><\/figure><div class=\"wp-block-media-text__content\">\n<p>Synthesia ist eine KI-gest\u00fctzte Plattform zur Erstellung von realistischen Avataren und Videos aus Texteingaben. Ihre besondere St\u00e4rke liegt in der F\u00e4higkeit, lebensechte digitale Sprecher zu generieren, die in verschiedenen Sprachen und Stilen kommunizieren k\u00f6nnen. Synthesia eignet sich hervorragend f\u00fcr Schulungsinhalte, Marketingvideos und interaktive Pr\u00e4sentationen und bietet eine innovative Alternative zu herk\u00f6mmlichen Video- und Animationsproduktionsmethoden..<\/p>\n<\/div><\/div>\n\n\n\n<div class=\"wp-block-media-text is-stacked-on-mobile\" style=\"grid-template-columns:35% auto\"><figure class=\"wp-block-media-text__media\"><a href=\"https:\/\/www.fotor.com\/avatar-maker\/\" target=\"_blank\" rel=\" noreferrer noopener\"><img loading=\"lazy\" decoding=\"async\" width=\"915\" height=\"250\" src=\"https:\/\/toolbox.mdz.fc.eah-jena.de\/wp-content\/uploads\/2025\/04\/fotor.png\" alt=\"\" class=\"wp-image-155 size-full\" srcset=\"https:\/\/toolbox.mdz.fc.eah-jena.de\/wp-content\/uploads\/2025\/04\/fotor.png 915w, https:\/\/toolbox.mdz.fc.eah-jena.de\/wp-content\/uploads\/2025\/04\/fotor-300x82.png 300w, https:\/\/toolbox.mdz.fc.eah-jena.de\/wp-content\/uploads\/2025\/04\/fotor-768x210.png 768w\" sizes=\"auto, (max-width: 915px) 100vw, 915px\" \/><\/a><\/figure><div class=\"wp-block-media-text__content\">\n<p>Fotor ist eine KI-gest\u00fctzte Plattform zur Erstellung und Bearbeitung von Bildern und Grafiken auf Basis von Texteingaben. Besonders hervorzuheben ist ihre F\u00e4higkeit, aus einfachen Beschreibungen beeindruckende visuelle Inhalte zu generieren, die sich ideal f\u00fcr Social-Media-Beitr\u00e4ge, Marketingmaterialien und kreative Projekte eignen. Fotor bietet eine benutzerfreundliche Oberfl\u00e4che und leistungsstarke Bearbeitungswerkzeuge, die sowohl Anf\u00e4ngern als auch erfahrenen Designern eine effiziente Alternative zu traditionellen Grafikdesign-Tools bieten.<\/p>\n<\/div><\/div>\n\n\n\n<div class=\"wp-block-media-text is-stacked-on-mobile\" style=\"grid-template-columns:35% auto\"><figure class=\"wp-block-media-text__media\"><a href=\"https:\/\/app.laxis.tech\/signup\" target=\"_blank\" rel=\" noreferrer noopener\"><img loading=\"lazy\" decoding=\"async\" width=\"915\" height=\"250\" src=\"https:\/\/toolbox.mdz.fc.eah-jena.de\/wp-content\/uploads\/2025\/04\/laxis.png\" alt=\"\" class=\"wp-image-159 size-full\" srcset=\"https:\/\/toolbox.mdz.fc.eah-jena.de\/wp-content\/uploads\/2025\/04\/laxis.png 915w, https:\/\/toolbox.mdz.fc.eah-jena.de\/wp-content\/uploads\/2025\/04\/laxis-300x82.png 300w, https:\/\/toolbox.mdz.fc.eah-jena.de\/wp-content\/uploads\/2025\/04\/laxis-768x210.png 768w\" sizes=\"auto, (max-width: 915px) 100vw, 915px\" \/><\/a><\/figure><div class=\"wp-block-media-text__content\">\n<p>Laxis ist eine KI-gest\u00fctzte Plattform zur automatischen Transkription und Analyse von Meetings und Gespr\u00e4chen. Ihre besondere St\u00e4rke liegt in der F\u00e4higkeit, gesprochene Inhalte in Echtzeit zu erfassen und pr\u00e4zise Notizen sowie Zusammenfassungen zu erstellen. Laxis eignet sich hervorragend f\u00fcr Unternehmen, die ihre Kommunikationsprozesse optimieren und wertvolle Erkenntnisse aus Meetings gewinnen m\u00f6chten. Mit benutzerfreundlichen Funktionen und Integrationen bietet Laxis eine effiziente Alternative zu herk\u00f6mmlichen Protokollierungs- und Notizmethoden.<\/p>\n<\/div><\/div>\n","protected":false},"excerpt":{"rendered":"<p>Audio, Avatare,&#8230; Hier finden Sie einen Liste von weiteren KI-Werkzeugen: Synthesia ist eine KI-gest\u00fctzte Plattform zur Erstellung von realistischen Avataren und Videos aus Texteingaben. Ihre besondere St\u00e4rke liegt in der F\u00e4higkeit, lebensechte digitale Sprecher zu generieren, die in verschiedenen Sprachen und Stilen kommunizieren k\u00f6nnen. Synthesia eignet sich hervorragend f\u00fcr Schulungsinhalte, Marketingvideos und interaktive Pr\u00e4sentationen und [&hellip;]<\/p>\n","protected":false},"author":1,"featured_media":0,"parent":0,"menu_order":0,"comment_status":"closed","ping_status":"closed","template":"","meta":{"footnotes":""},"class_list":["post-139","page","type-page","status-publish","hentry"],"_links":{"self":[{"href":"https:\/\/toolbox.mdz.fc.eah-jena.de\/index.php?rest_route=\/wp\/v2\/pages\/139","targetHints":{"allow":["GET"]}}],"collection":[{"href":"https:\/\/toolbox.mdz.fc.eah-jena.de\/index.php?rest_route=\/wp\/v2\/pages"}],"about":[{"href":"https:\/\/toolbox.mdz.fc.eah-jena.de\/index.php?rest_route=\/wp\/v2\/types\/page"}],"author":[{"embeddable":true,"href":"https:\/\/toolbox.mdz.fc.eah-jena.de\/index.php?rest_route=\/wp\/v2\/users\/1"}],"replies":[{"embeddable":true,"href":"https:\/\/toolbox.mdz.fc.eah-jena.de\/index.php?rest_route=%2Fwp%2Fv2%2Fcomments&post=139"}],"version-history":[{"count":1,"href":"https:\/\/toolbox.mdz.fc.eah-jena.de\/index.php?rest_route=\/wp\/v2\/pages\/139\/revisions"}],"predecessor-version":[{"id":190,"href":"https:\/\/toolbox.mdz.fc.eah-jena.de\/index.php?rest_route=\/wp\/v2\/pages\/139\/revisions\/190"}],"wp:attachment":[{"href":"https:\/\/toolbox.mdz.fc.eah-jena.de\/index.php?rest_route=%2Fwp%2Fv2%2Fmedia&parent=139"}],"curies":[{"name":"wp","href":"https:\/\/api.w.org\/{rel}","templated":true}]}}