{"id":329,"date":"2025-08-10T17:05:54","date_gmt":"2025-08-10T15:05:54","guid":{"rendered":"http:\/\/mdz-toolbox.one.fc.eah-jena.de\/?page_id=329"},"modified":"2025-09-09T15:30:52","modified_gmt":"2025-09-09T13:30:52","slug":"eigenschaften","status":"publish","type":"page","link":"https:\/\/toolbox.mdz.fc.eah-jena.de\/?page_id=329","title":{"rendered":"CB_Eigenschaften Pr\u00e4sentationstools fix"},"content":{"rendered":"\n<p class=\"has-medium-font-size\"><strong>Zusammenfassender Vergleich<\/strong> <\/p>\n\n\n\n<p class=\"has-medium-font-size\">Die Apps \u2013 <strong><a href=\"#decktopus\" data-type=\"internal\" data-id=\"#decktopus\">Decktopus<\/a><\/strong>, <strong><a href=\"#deckrobot\" data-type=\"internal\" data-id=\"#deckrobot\">Deckrobot<\/a><\/strong>, <strong><a href=\"#slidesgo\" data-type=\"internal\" data-id=\"#slidesgo\">Slidesgo<\/a><\/strong>, <strong><a href=\"#slidesai\" data-type=\"internal\" data-id=\"#slidesai\">SlidesAI<\/a><\/strong>, <strong><a href=\"#storyd\" data-type=\"internal\" data-id=\"#storyd\">StoryD<\/a><\/strong>, <strong><a href=\"#beautiful\" data-type=\"internal\" data-id=\"#beautiful\">Beautiful.ai<\/a> <\/strong>und <a href=\"#simplified\" data-type=\"internal\" data-id=\"#simplified\"><strong>Simplified<\/strong> <\/a>werden hier hinsichtlich ihrer Hauptmerkmale, Funktionen und der Art und Weise, wie sie sich im Bereich der Pr\u00e4sentationserstellung voneinander abheben, zusammenfassend verglichen.<\/p>\n\n\n\n<p class=\"has-medium-font-size\"><\/p>\n\n\n\n<p class=\"has-medium-font-size\" id=\"deckrobot\"><strong>DeckRobot Eigenschaften<\/strong><\/p>\n\n\n\n<ul class=\"wp-block-list\">\n<li>Plug-in f\u00fcr PowerPoint.<\/li>\n\n\n\n<li>Die Daten bleiben sicher, da alle <strong>Informationen auf dem eigenen Server<\/strong> verbleiben.<\/li>\n\n\n\n<li>Mit wenig Aufwand k\u00f6nnen Pr\u00e4sentation mit dem voreingestellten Corporate Branding neu gestaltet werden.<\/li>\n<\/ul>\n\n\n\n<p><strong>DeckRobot Einschr\u00e4nkungen<\/strong><\/p>\n\n\n\n<ul class=\"wp-block-list\">\n<li>Plug-in ist f\u00fcr PowerPoint, wenn eine andere Plattform verwendet wird, funktioniert es nicht.<\/li>\n<\/ul>\n\n\n\n<p><strong>Preise f\u00fcr DeckRobot<\/strong><\/p>\n\n\n\n<ul class=\"wp-block-list\">\n<li>individuelle Preise \/ vorab Demo Termin vereinbaren<\/li>\n<\/ul>\n\n\n\n<p><\/p>\n\n\n\n<p class=\"has-medium-font-size\" id=\"storyd\"><strong>StoryD Eigenschaften<\/strong><\/p>\n\n\n\n<ul class=\"wp-block-list\">\n<li><strong>Interaktive Pr\u00e4sentationen<\/strong> erm\u00f6glichen es dem Nutzer, den Verlauf der Pr\u00e4sentation zu beeinflussen.<\/li>\n\n\n\n<li><strong>Multimediale Integration<\/strong>: Sowohl Texte als auch Medien wie Bilder, Videos und Audiodateien k\u00f6nnen integriert werden.<\/li>\n\n\n\n<li><strong>Teilen und Entdecken<\/strong>: Pr\u00e4sentationen k\u00f6nnen in der App ver\u00f6ffentlicht und mit anderen geteilt werden. Die Community-Funktion erm\u00f6glicht es Nutzern, die Werke anderer zu entdecken und Feedback zu geben.<\/li>\n\n\n\n<li><strong>Plattform\u00fcbergreifend<\/strong>: Die App bietet Unterst\u00fctzung f\u00fcr verschiedene Ger\u00e4te, was bedeutet, dass Nutzer ihre Pr\u00e4sentationen auf verschiedenen Plattformen (z. B. Smartphones und Tablets) schreiben und lesen k\u00f6nnen.<\/li>\n<\/ul>\n\n\n\n<p><strong>StoryD Einschr\u00e4nkungen<\/strong><\/p>\n\n\n\n<ul class=\"wp-block-list\">\n<li>Export ohne Pro Account nicht m\u00f6glich.<\/li>\n\n\n\n<li>Kein integrierter Bildgenerator.<\/li>\n<\/ul>\n\n\n\n<p><strong>Preise f\u00fcr StoryD<\/strong><\/p>\n\n\n\n<ul class=\"wp-block-list\">\n<li>Free \u2013 5 credits<\/li>\n\n\n\n<li>Pro \u2013 24$ \/ Monat<\/li>\n<\/ul>\n\n\n\n<p><\/p>\n\n\n\n<p class=\"has-medium-font-size\" id=\"decktopus\"><strong>Decktopus Eigenschaften<\/strong><\/p>\n\n\n\n<p>\u00b7&nbsp; <strong>KI-unterst\u00fctzte Pr\u00e4sentationserstellung<\/strong>.<\/p>\n\n\n\n<p>\u00b7&nbsp; <strong>Automatische Anpassung von Design und Inhalt<\/strong>: Die App passt automatisch Layouts, Farben und Schriftarten an.<\/p>\n\n\n\n<p>\u00b7&nbsp; <strong>Integrierte Tools f\u00fcr die Zusammenarbeit<\/strong>: Decktopus bietet <strong>Kollaborationsfunktionen<\/strong>, die es Teams erm\u00f6glichen, in Echtzeit an Pr\u00e4sentationen zu arbeiten.<\/p>\n\n\n\n<p>\u00b7&nbsp; <strong>Interaktive Elemente und Anpassungsm\u00f6glichkeiten<\/strong>: Decktopus bietet Funktionen f\u00fcr interaktive Folien. Interaktive Diagramme, Formulare oder eingebettete Links k\u00f6nnen hinzuf\u00fcgt werden.<\/p>\n\n\n\n<p>\u00b7&nbsp; <strong>Einfache Personalisierung<\/strong>: Trotz der KI-Unterst\u00fctzung k\u00f6nnen die Pr\u00e4sentationen leicht personalisiert werden. Folien und Inhalte k\u00f6nnen einfach angepasst, Bilder und Grafiken k\u00f6nnen hinzuf\u00fcgt werden.<\/p>\n\n\n\n<p>\u00b7&nbsp; <strong>Cloud-basierte Plattform<\/strong>: Decktopus ist eine cloudbasierte L\u00f6sung, was bedeutet, dass Pr\u00e4sentationen jederzeit und von \u00fcberall aus bearbeitet werden k\u00f6nnen.<\/p>\n\n\n\n<p>\u00b7&nbsp; <strong>Vorlagen und fertige Pr\u00e4sentationen<\/strong>: Decktopus bietet eine Vielzahl von Vorlagen f\u00fcr verschiedene Zwecke wie Business-Meetings, Schulungen, Verkaufspr\u00e4sentationen und mehr.<\/p>\n\n\n\n<p>\u00b7&nbsp; <strong>SEO-Optimierung und Datenanalyse<\/strong>. Pr\u00e4sentationen k\u00f6nnen f\u00fcr Suchmaschinen optimiert werden.<\/p>\n\n\n\n<p>\u00b7&nbsp; <strong>Einfache Exportm\u00f6glichkeiten<\/strong>: Decktopus bietet mehrere Exportoptionen, z.B. PDF, PPTX.<\/p>\n\n\n\n<p><strong>Decktopus Einschr\u00e4nkungen<\/strong><\/p>\n\n\n\n<ul class=\"wp-block-list\">\n<li>Keine Free Option<\/li>\n\n\n\n<li>Nutzen der eigenen CI nur mit Pro Version.<\/li>\n<\/ul>\n\n\n\n<p><strong>Preisef\u00fcr Decktopus<\/strong><\/p>\n\n\n\n<ul class=\"wp-block-list\">\n<li>Pro \u2013 24,99\u20ac \/ Monat<\/li>\n\n\n\n<li>Buisness \u2013 49,99\u20ac \/ Monat<\/li>\n<\/ul>\n\n\n\n<p><\/p>\n\n\n\n<p class=\"has-medium-font-size\" id=\"beautiful\"><strong>Beautiful.ai Eigenschaften<\/strong><\/p>\n\n\n\n<ul class=\"wp-block-list\">\n<li>Sichere Freigabe hilft, sensible Informationen zu sch\u00fctzen und macht sie gleichzeitig leicht zug\u00e4nglich f\u00fcr <a href=\"https:\/\/clickup.com\/de\/blog\/16186\/projektbeteiligte\">andere<\/a> Nutzer.<\/li>\n\n\n\n<li>Nahtlose Integration erm\u00f6glicht es, Folien in Beautiful.ai zu entwerfen und in PowerPoint zu bearbeiten.<\/li>\n<\/ul>\n\n\n\n<p><strong>Beautiful.ai Einschr\u00e4nkungen<\/strong><\/p>\n\n\n\n<ul class=\"wp-block-list\">\n<li>Im Vergleich zu anderen Plattformen weniger Optionen.<\/li>\n\n\n\n<li>Mehr Kontrolle \u00fcber das endg\u00fcltige Design w\u00e4re w\u00fcnschenswert.<\/li>\n<\/ul>\n\n\n\n<p><strong>Beautiful.ai Preise<\/strong><\/p>\n\n\n\n<ul class=\"wp-block-list\">\n<li>Pro f\u00fcr Einzelpersonen: $12\/Monat<\/li>\n\n\n\n<li>Team f\u00fcr die Zusammenarbeit im Team: $40\/Monat<\/li>\n\n\n\n<li>Enterprise f\u00fcr erweiterte Sicherheit und Support: individuelle Preisabsprache<\/li>\n<\/ul>\n\n\n\n<p><\/p>\n\n\n\n<p class=\"has-medium-font-size\" id=\"simplified\"><strong>SIMPLIFIED Eigenschaften<\/strong><\/p>\n\n\n\n<ul class=\"wp-block-list\">\n<li>Der KI Pr\u00e4sentations-Generator ist nur eine Anwendung unter zahlreichen Anwendungen f\u00fcr verschiedene Workflows. (AI Ads, AI Meme Generator, AI Bildgenerator, etc.)<\/li>\n\n\n\n<li>Eine Reihe von vorgefertigten Vorlagen und eine umfangreiche Bibliothek.<\/li>\n\n\n\n<li>Die Integration in viele Plattformen ist m\u00f6glich, einschlie\u00dflich Google Drive und Shopify.<\/li>\n\n\n\n<li>Einfache Echtzeit-Zusammenarbeit.<\/li>\n\n\n\n<li>URLs und vorgefertigte Texte k\u00f6nnen importiert werden.<\/li>\n<\/ul>\n\n\n\n<p><strong>SIMPLIFIED Einschr\u00e4nkungen<\/strong><\/p>\n\n\n\n<ul class=\"wp-block-list\">\n<li>Die Software kann schnell teuer werden, insbesondere im Vergleich zu \u00e4hnlichen Diensten. Sie kann f\u00fcr kleine Unternehmen zu kostspielig sein.<\/li>\n\n\n\n<li>Keine kostenlose Nutzung m\u00f6glich.<\/li>\n<\/ul>\n\n\n\n<p><strong>SIMPLIFIED Preise<\/strong><\/p>\n\n\n\n<ul class=\"wp-block-list\">\n<li>Design Free: $0 f\u00fcr einen Arbeitsplatz<\/li>\n\n\n\n<li>Design Pro: $6\/Monat f\u00fcr einen Arbeitsplatz<\/li>\n\n\n\n<li>Design Business: $10\/Monat f\u00fcr f\u00fcnf Arbeitspl\u00e4tze<\/li>\n\n\n\n<li>Unternehmen: Individuelle Absprache<\/li>\n<\/ul>\n\n\n\n<p><\/p>\n\n\n\n<p class=\"has-medium-font-size\" id=\"slidesai\"><strong>SlidesAi Eigenschaften<\/strong><\/p>\n\n\n\n<ul class=\"wp-block-list\">\n<li><strong>KI gest\u00fctzte Erweiterung f\u00fcr Google Slides, also nur f\u00fcr Nutzer mit einem Google Konto. <\/strong><\/li>\n\n\n\n<li><strong>Multimedia-Integration<\/strong>: automatische Generierung von Folien aus vorgefertigten Texten, oder Stichworten.<\/li>\n\n\n\n<li><strong>Sprach\u00fcbersetzung<\/strong> erm\u00f6glicht es Nutzern die Pr\u00e4sentation in \u00fcber 1000 Sprachen zu \u00fcbersetzen.<\/li>\n\n\n\n<li><strong>Anpassbare Designs und Vorlagen<\/strong>: Die App bietet <strong>verschiedene Designvorlagen und Layouts<\/strong>, die automatisch auf die Inhalte der Pr\u00e4sentation angewendet werden.<\/li>\n<\/ul>\n\n\n\n<p><strong>SlidesAi Einschr\u00e4nkungen<\/strong><\/p>\n\n\n\n<ul class=\"wp-block-list\">\n<li>Nur f\u00fcr Nutzer mit einem Google Konto.<\/li>\n<\/ul>\n\n\n\n<p><strong>Preise f\u00fcr SlidesAi<\/strong><\/p>\n\n\n\n<ul class=\"wp-block-list\">\n<li>Basic 0 \u20ac<\/li>\n\n\n\n<li>Pro: 7,65 \u20ac pro Person und Monat<\/li>\n\n\n\n<li>Prime: 15,30 \u20ac pro Person und Monat<\/li>\n<\/ul>\n\n\n\n<p><\/p>\n\n\n\n<p class=\"has-medium-font-size\" id=\"slidesgo\"><strong>SLIDESGO Eigenschaften<\/strong><\/p>\n\n\n\n<p>\u00b7&nbsp; <strong>Kostenlose Nutzung mit erweiterten Optionen<\/strong>. Im Gegensatz zu vielen anderen Plattformen, bietet Slidesgo eine gro\u00dfe Auswahl an kostenlosen Vorlagen f\u00fcr PowerPoint- und Google Slides.<\/p>\n\n\n\n<p>\u00b7&nbsp; <strong>Kategorisierung nach Themen<\/strong>: Die Vorlagen sind in klar definierte Kategorien unterteilt, wie z. B. Marketing, Bildung, Gesundheit, Business, Technologie, Reisen, und mehr.<\/p>\n\n\n\n<p>\u00b7&nbsp; <strong>Anpassungsfreundlichkeit<\/strong>: Alle Vorlagen sind so gestaltet, dass sie leicht anpassbar sind. Nutzer k\u00f6nnen Farben, Schriften und Bilder nach ihren eigenen W\u00fcnschen \u00e4ndern, ohne die Struktur oder das Design der Folien zu beeintr\u00e4chtigen.<\/p>\n\n\n\n<p>\u00b7&nbsp; <strong>Integration mit Google Slides und PowerPoint.<\/strong><\/p>\n\n\n\n<p>\u00b7&nbsp; <strong>Anpassbare Icons und Illustrationen<\/strong>: Icons und Illustrationen werden automatisch erstellt und machen die Suche nach externen Grafiken \u00fcberfl\u00fcssig.<\/p>\n\n\n\n<p>\u00b7&nbsp; <strong>Regelm\u00e4\u00dfige Updates und neue Vorlagen<\/strong>: Regelm\u00e4\u00dfige Updates bieten neue Vorlagen und Designs an.<\/p>\n\n\n\n<p>\u00b7&nbsp; <strong>Suchfunktion und Filteroptionen<\/strong>: Die <strong>Suchfunktion<\/strong> von Slidesgo erm\u00f6glicht es Nutzern, schnell Vorlagen nach bestimmten Themen, Farben, Stilen und Layouts zu finden.<\/p>\n\n\n\n<p>\u00b7&nbsp; <strong>Zielgruppenspezifische Vorlagen<\/strong>: Slidesgo bietet auch spezifische Vorlagen f\u00fcr Bestimmte Zielgruppen, z. B. f\u00fcr Bildungseinrichtungen, Start-ups und gro\u00dfe Unternehmen.<\/p>\n\n\n\n<p><strong>SLIDESGO Einschr\u00e4nkungen<\/strong><\/p>\n\n\n\n<ul class=\"wp-block-list\">\n<li>Nur 3 Downloads f\u00fcr Nutzer der kostenlosen Version m\u00f6glich.<\/li>\n<\/ul>\n\n\n\n<p><strong>Preise f\u00fcr SLIDESGO<\/strong><\/p>\n\n\n\n<ul class=\"wp-block-list\">\n<li>Basic 0 \u20ac<\/li>\n\n\n\n<li>Pro: 22,99 \u20ac pro Person und Jahr<\/li>\n<\/ul>\n","protected":false},"excerpt":{"rendered":"<p>Zusammenfassender Vergleich Die Apps \u2013 Decktopus, Deckrobot, Slidesgo, SlidesAI, StoryD, Beautiful.ai und Simplified werden hier hinsichtlich ihrer Hauptmerkmale, Funktionen und der Art und Weise, wie sie sich im Bereich der Pr\u00e4sentationserstellung voneinander abheben, zusammenfassend verglichen. DeckRobot Eigenschaften DeckRobot Einschr\u00e4nkungen Preise f\u00fcr DeckRobot StoryD Eigenschaften StoryD Einschr\u00e4nkungen Preise f\u00fcr StoryD Decktopus Eigenschaften \u00b7&nbsp; KI-unterst\u00fctzte Pr\u00e4sentationserstellung. \u00b7&nbsp; [&hellip;]<\/p>\n","protected":false},"author":1,"featured_media":0,"parent":0,"menu_order":0,"comment_status":"closed","ping_status":"closed","template":"","meta":{"footnotes":""},"class_list":["post-329","page","type-page","status-publish","hentry"],"_links":{"self":[{"href":"https:\/\/toolbox.mdz.fc.eah-jena.de\/index.php?rest_route=\/wp\/v2\/pages\/329","targetHints":{"allow":["GET"]}}],"collection":[{"href":"https:\/\/toolbox.mdz.fc.eah-jena.de\/index.php?rest_route=\/wp\/v2\/pages"}],"about":[{"href":"https:\/\/toolbox.mdz.fc.eah-jena.de\/index.php?rest_route=\/wp\/v2\/types\/page"}],"author":[{"embeddable":true,"href":"https:\/\/toolbox.mdz.fc.eah-jena.de\/index.php?rest_route=\/wp\/v2\/users\/1"}],"replies":[{"embeddable":true,"href":"https:\/\/toolbox.mdz.fc.eah-jena.de\/index.php?rest_route=%2Fwp%2Fv2%2Fcomments&post=329"}],"version-history":[{"count":9,"href":"https:\/\/toolbox.mdz.fc.eah-jena.de\/index.php?rest_route=\/wp\/v2\/pages\/329\/revisions"}],"predecessor-version":[{"id":430,"href":"https:\/\/toolbox.mdz.fc.eah-jena.de\/index.php?rest_route=\/wp\/v2\/pages\/329\/revisions\/430"}],"wp:attachment":[{"href":"https:\/\/toolbox.mdz.fc.eah-jena.de\/index.php?rest_route=%2Fwp%2Fv2%2Fmedia&parent=329"}],"curies":[{"name":"wp","href":"https:\/\/api.w.org\/{rel}","templated":true}]}}